{"id":74,"date":"2025-01-24T18:19:47","date_gmt":"2025-01-24T18:19:47","guid":{"rendered":"https:\/\/agencia4sale.com.br\/?page_id=74"},"modified":"2025-01-24T18:26:33","modified_gmt":"2025-01-24T18:26:33","slug":"politica-de-privacidade","status":"publish","type":"page","link":"https:\/\/agencia4sale.com.br\/?page_id=74","title":{"rendered":"Politica de privacidade"},"content":{"rendered":"\t\t<div data-elementor-type=\"wp-page\" data-elementor-id=\"74\" class=\"elementor elementor-74\" data-elementor-post-type=\"page\">\n\t\t\t\t<div class=\"elementor-element elementor-element-b4363c1 e-flex e-con-boxed e-con e-parent\" data-id=\"b4363c1\" data-element_type=\"container\" data-e-type=\"container\" data-settings=\"{&quot;background_background&quot;:&quot;classic&quot;}\">\n\t\t\t\t\t<div class=\"e-con-inner\">\n\t\t\t\t<div class=\"elementor-element elementor-element-f43b2d0 elementor-widget__width-initial elementor-widget elementor-widget-image\" data-id=\"f43b2d0\" data-element_type=\"widget\" data-e-type=\"widget\" data-widget_type=\"image.default\">\n\t\t\t\t<div class=\"elementor-widget-container\">\n\t\t\t\t\t\t\t\t\t\t\t\t\t\t\t\t<a href=\"https:\/\/agencia4sale.com.br\">\n\t\t\t\t\t\t\t<img fetchpriority=\"high\" decoding=\"async\" width=\"960\" height=\"960\" src=\"https:\/\/agencia4sale.com.br\/wp-content\/uploads\/2025\/01\/Logo-4Sale-Nova_Logotipo-Branco-1024x1024.webp\" class=\"attachment-large size-large wp-image-64\" alt=\"\" srcset=\"https:\/\/agencia4sale.com.br\/wp-content\/uploads\/2025\/01\/Logo-4Sale-Nova_Logotipo-Branco-1024x1024.webp 1024w, https:\/\/agencia4sale.com.br\/wp-content\/uploads\/2025\/01\/Logo-4Sale-Nova_Logotipo-Branco-300x300.webp 300w, https:\/\/agencia4sale.com.br\/wp-content\/uploads\/2025\/01\/Logo-4Sale-Nova_Logotipo-Branco-150x150.webp 150w, https:\/\/agencia4sale.com.br\/wp-content\/uploads\/2025\/01\/Logo-4Sale-Nova_Logotipo-Branco-768x768.webp 768w, https:\/\/agencia4sale.com.br\/wp-content\/uploads\/2025\/01\/Logo-4Sale-Nova_Logotipo-Branco-1536x1536.webp 1536w, https:\/\/agencia4sale.com.br\/wp-content\/uploads\/2025\/01\/Logo-4Sale-Nova_Logotipo-Branco.webp 1920w\" sizes=\"(max-width: 960px) 100vw, 960px\" \/>\t\t\t\t\t\t\t\t<\/a>\n\t\t\t\t\t\t\t\t\t\t\t\t\t\t\t<\/div>\n\t\t\t\t<\/div>\n\t\t\t\t<div class=\"elementor-element elementor-element-56a0862 elementor-widget elementor-widget-heading\" data-id=\"56a0862\" data-element_type=\"widget\" data-e-type=\"widget\" data-widget_type=\"heading.default\">\n\t\t\t\t<div class=\"elementor-widget-container\">\n\t\t\t\t\t<h2 class=\"elementor-heading-title elementor-size-default\">Pol\u00edtica de Privacidade \u2013 Termos de Uso<\/h2>\t\t\t\t<\/div>\n\t\t\t\t<\/div>\n\t\t\t\t\t<\/div>\n\t\t\t\t<\/div>\n\t\t<div class=\"elementor-element elementor-element-3789c19 e-flex e-con-boxed e-con e-parent\" data-id=\"3789c19\" data-element_type=\"container\" data-e-type=\"container\" data-settings=\"{&quot;background_background&quot;:&quot;classic&quot;}\">\n\t\t\t\t\t<div class=\"e-con-inner\">\n\t\t\t\t<div class=\"elementor-element elementor-element-9343ba6 elementor-widget elementor-widget-text-editor\" data-id=\"9343ba6\" data-element_type=\"widget\" data-e-type=\"widget\" data-widget_type=\"text-editor.default\">\n\t\t\t\t<div class=\"elementor-widget-container\">\n\t\t\t\t\t\t\t\t\t<p>A <strong>4Sale<\/strong> \u00e9 uma ag\u00eancia especializada em gest\u00e3o de tr\u00e1fego pago, com o objetivo de desenvolver estrat\u00e9gias personalizadas para o modelo de neg\u00f3cio de seus clientes.<\/p><p>Na <strong>4Sale<\/strong>, priorizamos proporcionar a melhor experi\u00eancia aos nossos clientes. Por isso, assumimos o compromisso de proteger a privacidade e os dados dos usu\u00e1rios, mantendo clareza e transpar\u00eancia em todas as nossas rela\u00e7\u00f5es. Esta <strong>Pol\u00edtica de Privacidade<\/strong> estabelece como coletamos, usamos e transferimos informa\u00e7\u00f5es dos usu\u00e1rios que acessam ou utilizam nosso site e servi\u00e7os.<\/p><p>Ao utilizar nosso site, voc\u00ea concorda com a coleta e o uso de suas informa\u00e7\u00f5es pessoais conforme descrito nesta pol\u00edtica.<\/p><h3><strong>COMO UTILIZAMOS AS INFORMA\u00c7\u00d5ES PESSOAIS COLETADAS<\/strong><\/h3><p>Nossa principal finalidade ao coletar informa\u00e7\u00f5es pessoais \u00e9 oferecer a voc\u00ea uma experi\u00eancia segura, eficiente e personalizada. Para isso, coletamos dados fornecidos por meio de formul\u00e1rios de contato ou or\u00e7amento, incluindo, mas n\u00e3o se limitando a:<\/p><ul><li>Nome,<\/li><li>E-mail,<\/li><li>N\u00famero de telefone,<\/li><li>Nome de usu\u00e1rio em redes sociais, como Instagram.<\/li><\/ul><p>A <strong>4Sale<\/strong> n\u00e3o aluga, vende ou compartilha informa\u00e7\u00f5es pessoais para fins comerciais sem sua autoriza\u00e7\u00e3o expressa. No entanto, dados relacionados ao perfil de uso e comportamento do usu\u00e1rio podem ser utilizados para fins comerciais e de marketing, sempre em conformidade com a legisla\u00e7\u00e3o aplic\u00e1vel.<\/p><h3><strong>COMO COMPARTILHAMOS INFORMA\u00c7\u00d5ES PESSOAIS<\/strong><\/h3><p>Podemos compartilhar informa\u00e7\u00f5es pessoais com:<\/p><ul><li><strong>Equipe administrativa<\/strong>: Para oferecer servi\u00e7os e suporte, prevenir fraudes e ajudar no desenvolvimento de produtos e comunica\u00e7\u00f5es.<\/li><li><strong>Prestadores de servi\u00e7os<\/strong>: Empresas contratadas para auxiliar em opera\u00e7\u00f5es comerciais (e.g., preven\u00e7\u00e3o contra fraudes, cobran\u00e7a, marketing e tecnologia). Esses fornecedores utilizam os dados exclusivamente para as finalidades descritas em contrato.<\/li><li><strong>Parceiros de marketing<\/strong>: Em casos de campanhas conjuntas, podemos compartilhar informa\u00e7\u00f5es estritamente necess\u00e1rias para avaliar a efic\u00e1cia da a\u00e7\u00e3o.<\/li><li><strong>Autoridades legais<\/strong>: Quando necess\u00e1rio para cumprir obriga\u00e7\u00f5es legais ou proteger direitos da <strong>4Sale<\/strong> e de seus usu\u00e1rios.<\/li><li><strong>Fus\u00f5es ou aquisi\u00e7\u00f5es<\/strong>: Em caso de fus\u00e3o ou aquisi\u00e7\u00e3o, as informa\u00e7\u00f5es pessoais continuar\u00e3o protegidas por esta pol\u00edtica.<\/li><\/ul><p>Informa\u00e7\u00f5es fornecidas em plataformas de terceiros podem estar sujeitas \u00e0s pol\u00edticas de privacidade dessas plataformas.<\/p><h3><strong>COMO UTILIZAMOS COOKIES<\/strong><\/h3><p>Cookies s\u00e3o pequenos arquivos de dados enviados ao seu navegador para melhorar a experi\u00eancia no site. Eles nos ajudam a entender como nossos usu\u00e1rios interagem com nosso conte\u00fado, identificar tend\u00eancias e oferecer uma experi\u00eancia personalizada.<\/p><p>Voc\u00ea pode configurar seu navegador para bloquear cookies, mas isso pode limitar algumas funcionalidades do nosso site. Utilizamos cookies para:<\/p><ul><li>Analisar o comportamento do usu\u00e1rio em nosso site;<\/li><li>Exibir conte\u00fados e promo\u00e7\u00f5es personalizadas;<\/li><li>Lembrar prefer\u00eancias do usu\u00e1rio em visitas futuras.<\/li><\/ul><h3><strong>REMARKETING E PUBLICIDADE<\/strong><\/h3><h4><strong>Google Ads<\/strong><\/h4><p>Utilizamos o recurso de Remarketing do Google Ads para exibir an\u00fancios relevantes em sites parceiros. Este recurso permite identificar visitas ao nosso site e oferecer publicidade direcionada. Voc\u00ea pode desativar o uso de cookies pelo Google no <strong>Gerenciador de Prefer\u00eancias de An\u00fancios<\/strong>.<\/p><h4><strong>Facebook Ads<\/strong><\/h4><p>O recurso de Remarketing do Facebook nos permite exibir an\u00fancios personalizados na plataforma. Para identificar sua visita ao nosso site, utilizamos cookies. Se preferir, voc\u00ea pode gerenciar as configura\u00e7\u00f5es de an\u00fancios diretamente no Facebook.<\/p><h3><strong>DESCADASTRAMENTO (&#8220;OPT-OUT&#8221;)<\/strong><\/h3><p>Voc\u00ea pode cancelar o recebimento de comunica\u00e7\u00f5es da <strong>4Sale<\/strong> a qualquer momento. Basta enviar um e-mail para <a href=\"mailto:contato@agencia4sale.com.br\"><strong>contato@agencia4sale.com.br <\/strong><\/a>indicando sua solicita\u00e7\u00e3o ou clicar no link de descadastro inclu\u00eddo no final de cada e-mail.<\/p><h3><strong>ALTERA\u00c7\u00d5ES NA POL\u00cdTICA DE PRIVACIDADE<\/strong><\/h3><p>Esta pol\u00edtica pode ser atualizada a qualquer momento. Recomendamos que voc\u00ea verifique a data da \u00faltima atualiza\u00e7\u00e3o para estar ciente de poss\u00edveis altera\u00e7\u00f5es.<br \/><strong>Atualizado em Janeiro de 2025.<\/strong><\/p>\t\t\t\t\t\t\t\t<\/div>\n\t\t\t\t<\/div>\n\t\t\t\t\t<\/div>\n\t\t\t\t<\/div>\n\t\t\t\t<\/div>\n\t\t","protected":false},"excerpt":{"rendered":"<p>Pol\u00edtica de Privacidade \u2013 Termos de Uso A 4Sale \u00e9 uma ag\u00eancia especializada em gest\u00e3o de tr\u00e1fego pago, com o objetivo de desenvolver estrat\u00e9gias personalizadas para o modelo de neg\u00f3cio de seus clientes. Na 4Sale, priorizamos proporcionar a melhor experi\u00eancia aos nossos clientes. Por isso, assumimos o compromisso de proteger a privacidade e os dados [&hellip;]<\/p>\n","protected":false},"author":1,"featured_media":0,"parent":0,"menu_order":0,"comment_status":"closed","ping_status":"closed","template":"elementor_canvas","meta":{"_joinchat":[],"footnotes":""},"class_list":["post-74","page","type-page","status-publish","hentry"],"_links":{"self":[{"href":"https:\/\/agencia4sale.com.br\/index.php?rest_route=\/wp\/v2\/pages\/74","targetHints":{"allow":["GET"]}}],"collection":[{"href":"https:\/\/agencia4sale.com.br\/index.php?rest_route=\/wp\/v2\/pages"}],"about":[{"href":"https:\/\/agencia4sale.com.br\/index.php?rest_route=\/wp\/v2\/types\/page"}],"author":[{"embeddable":true,"href":"https:\/\/agencia4sale.com.br\/index.php?rest_route=\/wp\/v2\/users\/1"}],"replies":[{"embeddable":true,"href":"https:\/\/agencia4sale.com.br\/index.php?rest_route=%2Fwp%2Fv2%2Fcomments&post=74"}],"version-history":[{"count":7,"href":"https:\/\/agencia4sale.com.br\/index.php?rest_route=\/wp\/v2\/pages\/74\/revisions"}],"predecessor-version":[{"id":103,"href":"https:\/\/agencia4sale.com.br\/index.php?rest_route=\/wp\/v2\/pages\/74\/revisions\/103"}],"wp:attachment":[{"href":"https:\/\/agencia4sale.com.br\/index.php?rest_route=%2Fwp%2Fv2%2Fmedia&parent=74"}],"curies":[{"name":"wp","href":"https:\/\/api.w.org\/{rel}","templated":true}]}}